{"id":75,"date":"2017-09-19T21:53:23","date_gmt":"2017-09-19T19:53:23","guid":{"rendered":"http:\/\/coreaga-conseil.fr\/?page_id=75"},"modified":"2026-04-08T17:35:01","modified_gmt":"2026-04-08T15:35:01","slug":"formation-recherche-de-carriere-implicite","status":"publish","type":"page","link":"https:\/\/coreaga-conseil.fr\/?page_id=75","title":{"rendered":"Formation &#8220;S\u00e9curiser le parcours professionnel &#8211; ICS&#8221; Niveau 1"},"content":{"rendered":"<h4>\u00a0<\/h4>\n<h4><span style=\"color: #3366ff;\"><strong>REUSSIR SA TRANSITION PROFESSIONNELLE<\/strong><\/span><\/h4>\n<p>&#8220;S\u00e9curiser le Parcours Professionnel &#8211; ICS&#8221; est une alternative puissante au bilan de comp\u00e9tence classique. Ce dernier cherche \u00e0 cr\u00e9er un pont entre les exp\u00e9riences pr\u00e9c\u00e9dentes (parcours, comp\u00e9tences acquises) et les futurs possibles qui s\u2019esquissent \u00e0 partir des besoins en pr\u00e9sence (besoins du march\u00e9, employabilit\u00e9, concurrence sur le \u00ab march\u00e9 de l\u2019emploi \u00bb). Le bilan de comp\u00e9tences, s\u2019il peut s\u2019av\u00e9rer n\u00e9cessaire pour la r\u00e9flexion sur son pass\u00e9 professionnel, n\u2019est plus plus suffisant dans la recherche d\u2019emploi.<\/p>\n<p>La question \u00e0 poser \u00e0 toute personne qui interroge son parcours professionnel\u00a0n\u2019est pas \u00ab\u00a0Qu\u2019est-ce que vous voulez faire\u00a0? \u00bb ou \u00ab\u00a0Qu\u2019est-ce que vous pouvez faire\u00a0?\u00a0\u00bb ou encore \u00ab\u00a0Qu\u2019est-ce que le march\u00e9 de l\u2019emploi vous propose et que vous pourriez faire\u00a0?\u00a0\u00bb mais plut\u00f4t \u00ab\u00a0Quelle contribution voulez-vous apporter \u00e0 la soci\u00e9t\u00e9 qui ait du sens pour vous\u00a0? \u00bb<\/p>\n<p>C\u2019est l\u00e0 tout l\u2019enjeu de la formation &#8220;S\u00e9curiser le Parcours Professionnel&#8221; \u00e9labor\u00e9 par Steve MILLER : d\u00e9finir comment chacun peut contribuer par sa performance unique \u00e0 la soci\u00e9t\u00e9, et construire un projet professionnel inspir\u00e9 et inspirant.<\/p>\n<p>La formation &#8220;S\u00e9curiser le Parcours Professionnel &#8211; ICS&#8221; aide \u00e0 oser en pleine autonomie : se lancer dans un nouveau projet, prendre de nouvelles responsabilit\u00e9s alliant sens, plaisir et efficacit\u00e9.<\/p>\n<p><span style=\"font-size: revert; color: initial;\"><strong>Tarifs et Conditions G\u00e9n\u00e9rales de Vente :<\/strong><\/span><\/p>\n<p><span style=\"font-size: revert; color: initial;\">Pour conna\u00eetre nos tarifs et en savoir plus sur notre formation &#8220;S\u00e9curiser son Parcours Professionnel \u2013 Niveau 1&#8221;, consultez le programme d\u00e9taill\u00e9 dans la rubrique <em>Documents<\/em> de notre site internet.<br \/>Consultez nos Conditions G\u00e9n\u00e9rales de Vente dans la rubrique <em>Mentions l\u00e9gales<\/em> de notre site internet.<\/span><\/p>\n<p>Prochaines <strong><span style=\"color: #0000ff;\">formations &#8220;<\/span><span style=\"color: #0000ff;\">S\u00e9curiser le Parcours Professionnel &#8211; ICS&#8221; Niveau 1<\/span>\u00a0<\/strong>anim\u00e9es par Anne-Monique Sell\u00e8s<span style=\"color: #0000ff;\"><strong>\u00a0<\/strong><\/span><\/p>\n<ul>\n<li><strong><span style=\"color: #0000ff;\">Paris, du 21 au 23 avril 2026, 3 jours en intensif pour jeunes adultes<\/span><\/strong><\/li>\n<li><strong><span style=\"color: #0000ff;\">Dans le B\u00e9arn, du 6 au 10 juillet 2026, 5 jours en r\u00e9sidentiel<\/span><\/strong><\/li>\n<\/ul>\n<p>\u00a0<\/p>\n<ul>\n<li><span style=\"color: #0000ff;\"><strong>Autres dates possibles \u00e0 Bordeaux, Lyon, Nantes, Paris. Nous contacter.\u00a0<\/strong><\/span><\/li>\n<\/ul>\n<hr \/>\n<p style=\"text-align: center;\"><img loading=\"lazy\" class=\"alignnone wp-image-160 \" src=\"http:\/\/coreaga-conseil.fr\/wp-content\/uploads\/2017\/09\/icon_printer-150x150.png\" alt=\"\" width=\"64\" height=\"64\" srcset=\"https:\/\/coreaga-conseil.fr\/wp-content\/uploads\/2017\/09\/icon_printer-150x150.png 150w, https:\/\/coreaga-conseil.fr\/wp-content\/uploads\/2017\/09\/icon_printer-300x300.png 300w, https:\/\/coreaga-conseil.fr\/wp-content\/uploads\/2017\/09\/icon_printer.png 512w\" sizes=\"(max-width: 64px) 100vw, 64px\" \/><\/p>\n<p style=\"text-align: center;\"><a href=\"http:\/\/coreaga-conseil.fr\/?page_id=162\">T\u00e9l\u00e9charger et imprimer les documents<\/a><\/p>\n\n\n<p><\/p>\n","protected":false},"excerpt":{"rendered":"<p>\u00a0 REUSSIR SA TRANSITION PROFESSIONNELLE &#8220;S\u00e9curiser le Parcours Professionnel &#8211; ICS&#8221; est une alternative puissante au bilan de comp\u00e9tence classique. Ce dernier cherche \u00e0 cr\u00e9er un pont entre les exp\u00e9riences pr\u00e9c\u00e9dentes (parcours, comp\u00e9tences acquises) et les futurs possibles qui s\u2019esquissent <a class=\"more-link\" href=\"https:\/\/coreaga-conseil.fr\/?page_id=75\">Lire plus\u00a0\u2026<\/a><\/p>\n","protected":false},"author":1,"featured_media":228,"parent":0,"menu_order":0,"comment_status":"closed","ping_status":"closed","template":"","meta":[],"_links":{"self":[{"href":"https:\/\/coreaga-conseil.fr\/index.php?rest_route=\/wp\/v2\/pages\/75"}],"collection":[{"href":"https:\/\/coreaga-conseil.fr\/index.php?rest_route=\/wp\/v2\/pages"}],"about":[{"href":"https:\/\/coreaga-conseil.fr\/index.php?rest_route=\/wp\/v2\/types\/page"}],"author":[{"embeddable":true,"href":"https:\/\/coreaga-conseil.fr\/index.php?rest_route=\/wp\/v2\/users\/1"}],"replies":[{"embeddable":true,"href":"https:\/\/coreaga-conseil.fr\/index.php?rest_route=%2Fwp%2Fv2%2Fcomments&post=75"}],"version-history":[{"count":44,"href":"https:\/\/coreaga-conseil.fr\/index.php?rest_route=\/wp\/v2\/pages\/75\/revisions"}],"predecessor-version":[{"id":3321,"href":"https:\/\/coreaga-conseil.fr\/index.php?rest_route=\/wp\/v2\/pages\/75\/revisions\/3321"}],"wp:featuredmedia":[{"embeddable":true,"href":"https:\/\/coreaga-conseil.fr\/index.php?rest_route=\/wp\/v2\/media\/228"}],"wp:attachment":[{"href":"https:\/\/coreaga-conseil.fr\/index.php?rest_route=%2Fwp%2Fv2%2Fmedia&parent=75"}],"curies":[{"name":"wp","href":"https:\/\/api.w.org\/{rel}","templated":true}]}}