{"id":70,"date":"2017-09-19T21:43:12","date_gmt":"2017-09-19T19:43:12","guid":{"rendered":"http:\/\/coreaga-conseil.fr\/?page_id=70"},"modified":"2025-07-23T15:34:06","modified_gmt":"2025-07-23T13:34:06","slug":"nos-formations","status":"publish","type":"page","link":"https:\/\/coreaga-conseil.fr\/?page_id=70","title":{"rendered":"Nos formations"},"content":{"rendered":"<p>Nous vivons dans un environnement de plus en plus complexe, extr\u00eamement connect\u00e9, o\u00f9 nous avons des milliers d\u2019\u00ab amis \u00bb et de \u00ab followers \u00bb. Nous sommes tous challeng\u00e9s par la digitalisation qui rend toute chose imm\u00e9diate et d\u00e9j\u00e0 d\u00e9pass\u00e9e. Il est demand\u00e9 aux organisations et aux personnes de s\u2019adapter tr\u00e8s rapidement, d\u2019\u00eatre innovantes, d\u2019\u00eatre attractives, et donc performantes. La technologie ne cesse de progresser \u2013 et nous de tenter d\u2019\u00eatre \u00e0 la hauteur et \u00e0 la bonne vitesse.<\/p>\n<p>Et pourtant nous demeurons toujours des humains, avec nos r\u00eaves, nos d\u00e9sirs, nos motivations, nos sentiments, nos peurs. Nos organisations connaissent toujours les rumeurs, les luttes intestines, les conflits d\u2019int\u00e9r\u00eat, le manque de responsabilit\u00e9 et le combat pour le pouvoir \u2013 avec leurs effets sur l\u2019atmosph\u00e8re de travail, les relations et la performance.<\/p>\n<p>Alors que faire&nbsp;?<\/p>\n<p>Ce qui fait la diff\u00e9rence pour les personnes, dans les \u00e9quipes, chez chacun d\u2019entre nous, c\u2019est de pouvoir utiliser notre plein potentiel, d\u2019\u00eatre vrai avec nous-m\u00eames et les uns avec les autres.<\/p>\n<p>C\u2019est pourquoi toutes nos formations s\u2019appuient sur les recherches effectu\u00e9es pendant 25 ans par Will Schutz, un des membres \u00e9minents du mouvement du Potentiel Humain, \u00e0 Harvard comme \u00e0 Berkeley, pour aborder les probl\u00e9matiques humaines dans tous les types d\u2019organisation avec une m\u00e9thodologie formalis\u00e9e sous le nom d\u2019El\u00e9ment Humain\u00ae. Depuis quarante ans, cette approche structur\u00e9e et \u00e9volutive est utilis\u00e9e pour produire des changement organisationnels p\u00e9rennes partout dans le monde.<\/p>\n<p>C\u2019est dans cet esprit que nous proposons des formations&nbsp;:<\/p>\n<p>&#8211; Au Leadership pour accro\u00eetre la performance dans les environnements complexes : formation El\u00e9ment Humain\u00ae en deux modules ou en cycle intensif.<\/p>\n<p>&#8211; A &#8220;S\u00e9curiser le parcours professionnel&#8221; Niveau 1 et Niveau 2 pour identifier le projet professionnel dont chacun est porteur, et qui donne du sens \u00e0 son travail. Il s\u2019agit d\u2019une m\u00e9thodologie efficiente pour g\u00e9rer les transitions de carri\u00e8re.<\/p>\n<p>&#8211; A l\u2019Impact Client\u00ae pour revisiter la relation au client (ou au patient), que ce soit en interne ou en externe, afin de construire une relation constructive qui redonne de la place \u00e0 l\u2019initiative.<\/p>\n<p>En savoir + sur nos formations <strong><a href=\"http:\/\/coreaga-conseil.fr\/?page_id=73\" target=\"_blank\" rel=\"noopener noreferrer\">Leadership\/El\u00e9ment Humain\u00ae<\/a><\/strong><\/p>\n<p>En savoir + sur nos formations &#8220;<a href=\"http:\/\/coreaga-conseil.fr\/?page_id=75\" target=\"_blank\" rel=\"noopener noreferrer\"><strong>S\u00e9curiser le Parcours Professionnel &#8211; ICS&#8221;<\/strong><\/a><strong><a href=\"http:\/\/coreaga-conseil.fr\/?page_id=75\" target=\"_blank\" rel=\"noopener noreferrer\">&nbsp;<\/a>Niveau 1<\/strong><\/p>\n<p>En savoir + sur nos formations &#8220;<strong><a href=\"http:\/\/coreaga-conseil.fr\/?page_id=80\" target=\"_blank\" rel=\"noopener noreferrer\">S\u00e9curiser le Parcours Professionnel &#8211; ICS&#8221; Niveau 2<\/a><\/strong><\/p>\n\n\n<p><strong>Cor\u00e9aga Conseil est un organisme de formation certifi\u00e9 Qualiopi sous le num\u00e9ro de certificat 206 OF Ind 1 pour la p\u00e9riode du 24\/03\/2024 au 23\/03\/2027. Vous retrouverez notre certificat en cliquant sur le lien suivant :<\/strong> <a href=\"http:\/\/coreaga-conseil.fr\/wp-content\/uploads\/2024\/03\/certificate_206_OF_Ind_1_RN.pdf\" target=\"_blank\" rel=\"noreferrer noopener\">http:\/\/coreaga-conseil.fr\/wp-content\/uploads\/2024\/02\/certificate_206_OF_S1_17nov2022.pdf<\/a><\/p>\n\n\n\n<p><\/p>\n\n\n\n<p><strong>D\u00e9lais d&#8217;acc\u00e8s \/ inscription :<\/strong><br>Nos formations sont accessibles \u00e0 l&#8217;inscription jusqu&#8217;\u00e0 7 jours avant la date de d\u00e9but de formation.<br>Dans le cas o\u00f9 vous souhaiteriez faire appel \u00e0 un organisme financeur (Opco, P\u00f4le Emploi, etc.), le d\u00e9lai est report\u00e9 \u00e0 1 mois avant la date de d\u00e9but de formation. Cela pour vous permettre d&#8217;obtenir l&#8217;accord de financement et de nous le transmettre pour la bonne gestion de votre dossier d&#8217;inscription.<\/p>\n\n\n\n<p><\/p>\n\n\n\n<hr class=\"wp-block-separator\"\/>\n\n\n\n<div class=\"wp-block-image\"><figure class=\"aligncenter size-large\"><img loading=\"lazy\" width=\"1024\" height=\"575\" src=\"http:\/\/coreaga-conseil.fr\/wp-content\/uploads\/2025\/07\/Capture-decran-2025-07-23-153239-1024x575.jpg\" alt=\"\" class=\"wp-image-3302\" srcset=\"https:\/\/coreaga-conseil.fr\/wp-content\/uploads\/2025\/07\/Capture-decran-2025-07-23-153239-1024x575.jpg 1024w, https:\/\/coreaga-conseil.fr\/wp-content\/uploads\/2025\/07\/Capture-decran-2025-07-23-153239-300x168.jpg 300w, https:\/\/coreaga-conseil.fr\/wp-content\/uploads\/2025\/07\/Capture-decran-2025-07-23-153239-768x431.jpg 768w, https:\/\/coreaga-conseil.fr\/wp-content\/uploads\/2025\/07\/Capture-decran-2025-07-23-153239-400x225.jpg 400w, https:\/\/coreaga-conseil.fr\/wp-content\/uploads\/2025\/07\/Capture-decran-2025-07-23-153239-860x484.jpg 860w, https:\/\/coreaga-conseil.fr\/wp-content\/uploads\/2025\/07\/Capture-decran-2025-07-23-153239.jpg 1187w\" sizes=\"(max-width: 1024px) 100vw, 1024px\" \/><\/figure><\/div>\n","protected":false},"excerpt":{"rendered":"<p>Nous vivons dans un environnement de plus en plus complexe, extr\u00eamement connect\u00e9, o\u00f9 nous avons des milliers d\u2019\u00ab amis \u00bb et de \u00ab followers \u00bb. Nous sommes tous challeng\u00e9s par la digitalisation qui rend toute chose imm\u00e9diate et d\u00e9j\u00e0 d\u00e9pass\u00e9e. <a class=\"more-link\" href=\"https:\/\/coreaga-conseil.fr\/?page_id=70\">Lire plus\u00a0\u2026<\/a><\/p>\n","protected":false},"author":1,"featured_media":140,"parent":0,"menu_order":0,"comment_status":"closed","ping_status":"closed","template":"","meta":[],"_links":{"self":[{"href":"https:\/\/coreaga-conseil.fr\/index.php?rest_route=\/wp\/v2\/pages\/70"}],"collection":[{"href":"https:\/\/coreaga-conseil.fr\/index.php?rest_route=\/wp\/v2\/pages"}],"about":[{"href":"https:\/\/coreaga-conseil.fr\/index.php?rest_route=\/wp\/v2\/types\/page"}],"author":[{"embeddable":true,"href":"https:\/\/coreaga-conseil.fr\/index.php?rest_route=\/wp\/v2\/users\/1"}],"replies":[{"embeddable":true,"href":"https:\/\/coreaga-conseil.fr\/index.php?rest_route=%2Fwp%2Fv2%2Fcomments&post=70"}],"version-history":[{"count":28,"href":"https:\/\/coreaga-conseil.fr\/index.php?rest_route=\/wp\/v2\/pages\/70\/revisions"}],"predecessor-version":[{"id":3303,"href":"https:\/\/coreaga-conseil.fr\/index.php?rest_route=\/wp\/v2\/pages\/70\/revisions\/3303"}],"wp:featuredmedia":[{"embeddable":true,"href":"https:\/\/coreaga-conseil.fr\/index.php?rest_route=\/wp\/v2\/media\/140"}],"wp:attachment":[{"href":"https:\/\/coreaga-conseil.fr\/index.php?rest_route=%2Fwp%2Fv2%2Fmedia&parent=70"}],"curies":[{"name":"wp","href":"https:\/\/api.w.org\/{rel}","templated":true}]}}