{"id":68,"date":"2017-09-19T21:39:35","date_gmt":"2017-09-19T19:39:35","guid":{"rendered":"http:\/\/coreaga-conseil.fr\/?page_id=68"},"modified":"2021-11-30T16:47:27","modified_gmt":"2021-11-30T15:47:27","slug":"notre-philosophie","status":"publish","type":"page","link":"https:\/\/coreaga-conseil.fr\/?page_id=68","title":{"rendered":"Notre philosophie"},"content":{"rendered":"<p>Nos principes&nbsp;: OUVERTURE, EXPLORATION, EXPERIMENTATION, RESPONSABILISATION.<\/p>\n<p>Permettre \u00e0 chacun de progresser en fonction de ses objectifs propres en s\u2019appuyant sur :<\/p>\n<p>Des m\u00e9thodes confirm\u00e9es int\u00e9gratives qui s\u2019appuient sur 25 ans de recherche scientifique.<br>Un cadre d\u2019intervention qui encourage l\u2019ouverture et la prise de risque \u2013 \u00ab&nbsp;Oser&nbsp;faire diff\u00e9remment&nbsp;\u00bb \u2013 dans le respect de la personne.<br>Une p\u00e9dagogie active avec des exp\u00e9riences innovantes qui prennent en compte les diff\u00e9rences dans nos mani\u00e8res de prendre conscience et d\u2019apprendre.<br>Un processus progressif et syst\u00e9mique qui facilite l\u2019exploration des dimensions pr\u00e9sentes dans le leadership et la performance des \u00e9quipes.<br>L\u2019adaptation \u00e0 la r\u00e9alit\u00e9 professionnelle des personnes accompagn\u00e9es.<\/p>\n\n\n<p>Coreaga Conseil met tout en \u0153uvre pour faciliter l\u2019acc\u00e8s \u00e0 la formation aux Personnes en Situation de Handicap et \u0153uvre pour la diversit\u00e9. Notre r\u00e9f\u00e9rent handicap externalis\u00e9, Morgane MAILLOT, est \u00e0 votre \u00e9coute pour mettre en place les adaptations et\/ou compensations n\u00e9cessaires \u00e0 votre situation personnelle.<br>Vous pouvez la contacter par mail \u00e0 l&#8217;adresse suivante : <a href=\"mailto:morgane.maillot@mltressources.fr\">morgane.maillot@mltressources.fr<\/a><br>Dans le cas o\u00f9 un accompagnement plus personnalis\u00e9 devait \u00eatre mis en place, nous sommes en mesure de vous diriger vers les organismes adapt\u00e9s. Nous tenons \u00e0 votre disposition la liste de ces organismes sur simple demande.<\/p>\n","protected":false},"excerpt":{"rendered":"<p>Nos principes&nbsp;: OUVERTURE, EXPLORATION, EXPERIMENTATION, RESPONSABILISATION. Permettre \u00e0 chacun de progresser en fonction de ses objectifs propres en s\u2019appuyant sur : Des m\u00e9thodes confirm\u00e9es int\u00e9gratives qui s\u2019appuient sur 25 ans de recherche scientifique.Un cadre d\u2019intervention qui encourage l\u2019ouverture et la <a class=\"more-link\" href=\"https:\/\/coreaga-conseil.fr\/?page_id=68\">Lire plus\u00a0\u2026<\/a><\/p>\n","protected":false},"author":1,"featured_media":0,"parent":0,"menu_order":0,"comment_status":"closed","ping_status":"closed","template":"","meta":[],"_links":{"self":[{"href":"https:\/\/coreaga-conseil.fr\/index.php?rest_route=\/wp\/v2\/pages\/68"}],"collection":[{"href":"https:\/\/coreaga-conseil.fr\/index.php?rest_route=\/wp\/v2\/pages"}],"about":[{"href":"https:\/\/coreaga-conseil.fr\/index.php?rest_route=\/wp\/v2\/types\/page"}],"author":[{"embeddable":true,"href":"https:\/\/coreaga-conseil.fr\/index.php?rest_route=\/wp\/v2\/users\/1"}],"replies":[{"embeddable":true,"href":"https:\/\/coreaga-conseil.fr\/index.php?rest_route=%2Fwp%2Fv2%2Fcomments&post=68"}],"version-history":[{"count":4,"href":"https:\/\/coreaga-conseil.fr\/index.php?rest_route=\/wp\/v2\/pages\/68\/revisions"}],"predecessor-version":[{"id":3013,"href":"https:\/\/coreaga-conseil.fr\/index.php?rest_route=\/wp\/v2\/pages\/68\/revisions\/3013"}],"wp:attachment":[{"href":"https:\/\/coreaga-conseil.fr\/index.php?rest_route=%2Fwp%2Fv2%2Fmedia&parent=68"}],"curies":[{"name":"wp","href":"https:\/\/api.w.org\/{rel}","templated":true}]}}