{"id":366,"date":"2018-06-22T19:07:11","date_gmt":"2018-06-22T17:07:11","guid":{"rendered":"http:\/\/coreaga-conseil.fr\/?page_id=366"},"modified":"2026-04-08T17:38:22","modified_gmt":"2026-04-08T15:38:22","slug":"coreaga-conseil","status":"publish","type":"page","link":"https:\/\/coreaga-conseil.fr\/","title":{"rendered":"Coreaga Conseil : acqu\u00e9rir et d\u00e9velopper les comp\u00e9tences de demain"},"content":{"rendered":"<div id=\"pl-366\"  class=\"panel-layout\" ><div id=\"pg-366-0\"  class=\"panel-grid panel-no-style\" ><div id=\"pgc-366-0-0\"  class=\"panel-grid-cell\" ><div id=\"panel-366-0-0-0\" class=\"so-panel widget widget_sow-editor panel-first-child\" data-index=\"0\" ><div class=\"so-widget-sow-editor so-widget-sow-editor-base\">\n<div class=\"siteorigin-widget-tinymce textwidget\">\n\t<p>Coreaga Conseil est sp\u00e9cialis\u00e9 dans le d\u00e9veloppement du potentiel des professionnels, leaders, consultants et coachs, au service de l'efficacit\u00e9 des \u00e9quipes et des organisations.<\/p>\n<p>Au c\u0153ur de notre m\u00e9tier, deux approches compl\u00e9mentaires pour acqu\u00e9rir et d\u00e9velopper les comp\u00e9tences de demain, de la formation initiale jusqu'au niveau Praticien.<\/p>\n<p>L'El\u00e9ment Humain\u00ae \"Accompagner \u00e9quipes et organisations dans les transformations culturelles, num\u00e9riques et \u00e9conomiques\" Niveau 1 et Niveau 2 Praticien.<\/p>\n<p>\"S\u00e9curiser le Parcours Professionnel - ICS\u00ae\" Niveau 1 et \"Accompagner la s\u00e9curisation des parcours professionnels - ICS\u00ae\" Niveau 2 Praticien pour accompagner les transitions professionnelles.<\/p>\n<p>Nous mettons tout en \u0153uvre pour faciliter l\u2019acc\u00e8s \u00e0 la formation aux Personnes en Situation de Handicap et \u0153uvre pour la diversit\u00e9. Notre r\u00e9f\u00e9rent handicap externalis\u00e9, Morgane MAILLOT, est \u00e0 votre \u00e9coute pour mettre en place les adaptations et\/ou compensations n\u00e9cessaires \u00e0 votre situation personnelle.<br \/>\nVous pouvez la contacter par mail \u00e0 l'adresse suivante : <a href=\"mailto:morgane_mlt@outlook.fr\">morgane_mlt@outlook.fr<\/a><br \/>\nDans le cas o\u00f9 un accompagnement plus personnalis\u00e9 devait \u00eatre mis en place, nous sommes en mesure de vous diriger vers les organismes adapt\u00e9s. Nous tenons \u00e0 votre disposition la liste de ces organismes sur simple demande.<\/p>\n<p>COREAGA CONSEIL, en tant que Responsable de Traitement, est consciente de l'importance de prot\u00e9ger la confidentialit\u00e9 et l'int\u00e9grit\u00e9 de vos Donn\u00e9es Personnelles et met donc tout en \u0153uvre pour agir conform\u00e9ment aux dispositions l\u00e9gislatives applicables et notamment au RGPD.<\/p>\n<p>La certification qualit\u00e9 a \u00e9t\u00e9 d\u00e9livr\u00e9e \u00e0 Coreaga Conseil sous le n\u00b0 de certificat 206 OF Ind 1 pour ses actions de formation (certificat valable du 24\/03\/2024 au 23\/03\/2027), disponible en consultation <a href=\"http:\/\/coreaga-conseil.fr\/wp-content\/uploads\/2024\/03\/certificate_206_OF_Ind_1_RN.pdf\">ICI<\/a>.<\/p>\n<p>&nbsp;<\/p>\n<p>&nbsp;<\/p>\n<hr \/>\n<p><em>Ils soutiennent nos certifications :<\/em><\/p>\n<p><img loading=\"lazy\" class=\"alignnone size-full wp-image-377\" src=\"http:\/\/coreaga-conseil.fr\/wp-content\/uploads\/2018\/06\/Coreaga-LOGOS-CERTIF-full.jpg\" alt=\"\" width=\"2000\" height=\"1000\" srcset=\"https:\/\/coreaga-conseil.fr\/wp-content\/uploads\/2018\/06\/Coreaga-LOGOS-CERTIF-full.jpg 2000w, https:\/\/coreaga-conseil.fr\/wp-content\/uploads\/2018\/06\/Coreaga-LOGOS-CERTIF-full-300x150.jpg 300w, https:\/\/coreaga-conseil.fr\/wp-content\/uploads\/2018\/06\/Coreaga-LOGOS-CERTIF-full-768x384.jpg 768w, https:\/\/coreaga-conseil.fr\/wp-content\/uploads\/2018\/06\/Coreaga-LOGOS-CERTIF-full-1024x512.jpg 1024w\" sizes=\"(max-width: 2000px) 100vw, 2000px\" \/><\/p>\n<p>&nbsp;<\/p>\n<hr \/>\n<h4><em>Nos r\u00e9f\u00e9rences :<\/em><\/h4>\n<\/div>\n<\/div><\/div><div id=\"panel-366-0-0-1\" class=\"so-panel widget widget_sow-slider panel-last-child\" data-index=\"1\" ><div class=\"so-widget-sow-slider so-widget-sow-slider-default-a674ec69f002-366\"><div class=\"sow-slider-base\" style=\"display: none\"><ul class=\"sow-slider-images\" data-settings=\"{&quot;pagination&quot;:true,&quot;speed&quot;:400,&quot;timeout&quot;:4000,&quot;paused&quot;:false,&quot;pause_on_hover&quot;:false,&quot;swipe&quot;:true,&quot;nav_always_show_desktop&quot;:&quot;&quot;,&quot;nav_always_show_mobile&quot;:&quot;&quot;,&quot;breakpoint&quot;:&quot;780px&quot;}\">\t\t<li class=\"sow-slider-image  sow-slider-image-cover\" style=\"background-image: url(https:\/\/coreaga-conseil.fr\/wp-content\/uploads\/2018\/07\/logos1.jpg)\" >\n\t\t\t\t\t\t\t\t\t<img width=\"800\" height=\"300\" src=\"https:\/\/coreaga-conseil.fr\/wp-content\/uploads\/2018\/07\/logos1.jpg\" class=\"sow-slider-background-image skip-lazy\" alt=\"\" loading=\"eager\" srcset=\"https:\/\/coreaga-conseil.fr\/wp-content\/uploads\/2018\/07\/logos1.jpg 800w, https:\/\/coreaga-conseil.fr\/wp-content\/uploads\/2018\/07\/logos1-300x113.jpg 300w, https:\/\/coreaga-conseil.fr\/wp-content\/uploads\/2018\/07\/logos1-768x288.jpg 768w\" sizes=\"(max-width: 800px) 100vw, 800px\" \/>\t\t\t\t\t\t\t\t<\/li>\n\t\t\t\t<li class=\"sow-slider-image  sow-slider-image-cover\" style=\"background-image: url(https:\/\/coreaga-conseil.fr\/wp-content\/uploads\/2018\/07\/logos2.jpg)\" >\n\t\t\t\t\t\t\t\t\t<img width=\"800\" height=\"300\" src=\"https:\/\/coreaga-conseil.fr\/wp-content\/uploads\/2018\/07\/logos2.jpg\" class=\"sow-slider-background-image skip-lazy\" alt=\"\" loading=\"eager\" srcset=\"https:\/\/coreaga-conseil.fr\/wp-content\/uploads\/2018\/07\/logos2.jpg 800w, https:\/\/coreaga-conseil.fr\/wp-content\/uploads\/2018\/07\/logos2-300x113.jpg 300w, https:\/\/coreaga-conseil.fr\/wp-content\/uploads\/2018\/07\/logos2-768x288.jpg 768w\" sizes=\"(max-width: 800px) 100vw, 800px\" \/>\t\t\t\t\t\t\t\t<\/li>\n\t\t\t\t<li class=\"sow-slider-image  sow-slider-image-cover\" style=\"background-image: url(https:\/\/coreaga-conseil.fr\/wp-content\/uploads\/2018\/07\/logos4.jpg)\" >\n\t\t\t\t\t\t\t\t\t<img width=\"800\" height=\"300\" src=\"https:\/\/coreaga-conseil.fr\/wp-content\/uploads\/2018\/07\/logos4.jpg\" class=\"sow-slider-background-image skip-lazy\" alt=\"\" loading=\"eager\" srcset=\"https:\/\/coreaga-conseil.fr\/wp-content\/uploads\/2018\/07\/logos4.jpg 800w, https:\/\/coreaga-conseil.fr\/wp-content\/uploads\/2018\/07\/logos4-300x113.jpg 300w, https:\/\/coreaga-conseil.fr\/wp-content\/uploads\/2018\/07\/logos4-768x288.jpg 768w\" sizes=\"(max-width: 800px) 100vw, 800px\" \/>\t\t\t\t\t\t\t\t<\/li>\n\t\t\t\t<li class=\"sow-slider-image  sow-slider-image-cover\" style=\"background-image: url(https:\/\/coreaga-conseil.fr\/wp-content\/uploads\/2018\/07\/logos5.jpg)\" >\n\t\t\t\t\t\t\t\t\t<img width=\"800\" height=\"300\" src=\"https:\/\/coreaga-conseil.fr\/wp-content\/uploads\/2018\/07\/logos5.jpg\" class=\"sow-slider-background-image skip-lazy\" alt=\"\" loading=\"eager\" srcset=\"https:\/\/coreaga-conseil.fr\/wp-content\/uploads\/2018\/07\/logos5.jpg 800w, https:\/\/coreaga-conseil.fr\/wp-content\/uploads\/2018\/07\/logos5-300x113.jpg 300w, https:\/\/coreaga-conseil.fr\/wp-content\/uploads\/2018\/07\/logos5-768x288.jpg 768w\" sizes=\"(max-width: 800px) 100vw, 800px\" \/>\t\t\t\t\t\t\t\t<\/li>\n\t\t\t\t<li class=\"sow-slider-image  sow-slider-image-cover\" style=\"background-image: url(https:\/\/coreaga-conseil.fr\/wp-content\/uploads\/2018\/07\/logos6.jpg)\" >\n\t\t\t\t\t\t\t\t\t<img width=\"800\" height=\"300\" src=\"https:\/\/coreaga-conseil.fr\/wp-content\/uploads\/2018\/07\/logos6.jpg\" class=\"sow-slider-background-image skip-lazy\" alt=\"\" loading=\"eager\" srcset=\"https:\/\/coreaga-conseil.fr\/wp-content\/uploads\/2018\/07\/logos6.jpg 800w, https:\/\/coreaga-conseil.fr\/wp-content\/uploads\/2018\/07\/logos6-300x113.jpg 300w, https:\/\/coreaga-conseil.fr\/wp-content\/uploads\/2018\/07\/logos6-768x288.jpg 768w\" sizes=\"(max-width: 800px) 100vw, 800px\" \/>\t\t\t\t\t\t\t\t<\/li>\n\t\t\t\t<li class=\"sow-slider-image  sow-slider-image-cover\" style=\"background-image: url(https:\/\/coreaga-conseil.fr\/wp-content\/uploads\/2018\/07\/logos7.jpg)\" >\n\t\t\t\t\t\t\t\t\t<img width=\"800\" height=\"300\" src=\"https:\/\/coreaga-conseil.fr\/wp-content\/uploads\/2018\/07\/logos7.jpg\" class=\"sow-slider-background-image skip-lazy\" alt=\"\" loading=\"eager\" srcset=\"https:\/\/coreaga-conseil.fr\/wp-content\/uploads\/2018\/07\/logos7.jpg 800w, https:\/\/coreaga-conseil.fr\/wp-content\/uploads\/2018\/07\/logos7-300x113.jpg 300w, https:\/\/coreaga-conseil.fr\/wp-content\/uploads\/2018\/07\/logos7-768x288.jpg 768w\" sizes=\"(max-width: 800px) 100vw, 800px\" \/>\t\t\t\t\t\t\t\t<\/li>\n\t\t<\/ul>\t\t\t\t<ol class=\"sow-slider-pagination\">\n\t\t\t\t\t\t\t\t\t\t\t<li><a href=\"#\" data-goto=\"0\" aria-label=\"afficher la diapositive 1\"><\/a><\/li>\n\t\t\t\t\t\t\t\t\t\t\t<li><a href=\"#\" data-goto=\"1\" aria-label=\"afficher la diapositive 2\"><\/a><\/li>\n\t\t\t\t\t\t\t\t\t\t\t<li><a href=\"#\" data-goto=\"2\" aria-label=\"afficher la diapositive 3\"><\/a><\/li>\n\t\t\t\t\t\t\t\t\t\t\t<li><a href=\"#\" data-goto=\"3\" aria-label=\"afficher la diapositive 4\"><\/a><\/li>\n\t\t\t\t\t\t\t\t\t\t\t<li><a href=\"#\" data-goto=\"4\" aria-label=\"afficher la diapositive 5\"><\/a><\/li>\n\t\t\t\t\t\t\t\t\t\t\t<li><a href=\"#\" data-goto=\"5\" aria-label=\"afficher la diapositive 6\"><\/a><\/li>\n\t\t\t\t\t\t\t\t\t<\/ol>\n\n\t\t\t\t<div class=\"sow-slide-nav sow-slide-nav-next\">\n\t\t\t\t\t<a href=\"#\" data-goto=\"next\" aria-label=\"diapositive suivante\" data-action=\"next\">\n\t\t\t\t\t\t<em class=\"sow-sld-icon-thin-right\"><\/em>\n\t\t\t\t\t<\/a>\n\t\t\t\t<\/div>\n\n\t\t\t\t<div class=\"sow-slide-nav sow-slide-nav-prev\">\n\t\t\t\t\t<a href=\"#\" data-goto=\"previous\" aria-label=\"diapositive pr\u00e9c\u00e9dente\" data-action=\"prev\">\n\t\t\t\t\t\t<em class=\"sow-sld-icon-thin-left\"><\/em>\n\t\t\t\t\t<\/a>\n\t\t\t\t<\/div>\n\t\t\t\t<\/div><\/div><\/div><\/div><\/div><\/div>","protected":false},"excerpt":{"rendered":"<p>Coreaga Conseil est sp\u00e9cialis\u00e9 dans le d\u00e9veloppement du potentiel des professionnels, leaders, consultants et coachs, au service de l&#8217;efficacit\u00e9 des \u00e9quipes et des organisations. Au c\u0153ur de notre m\u00e9tier, deux approches compl\u00e9mentaires pour acqu\u00e9rir et d\u00e9velopper les comp\u00e9tences de demain, <a class=\"more-link\" href=\"https:\/\/coreaga-conseil.fr\/\">Lire plus\u00a0\u2026<\/a><\/p>\n","protected":false},"author":1,"featured_media":0,"parent":0,"menu_order":0,"comment_status":"closed","ping_status":"closed","template":"","meta":[],"_links":{"self":[{"href":"https:\/\/coreaga-conseil.fr\/index.php?rest_route=\/wp\/v2\/pages\/366"}],"collection":[{"href":"https:\/\/coreaga-conseil.fr\/index.php?rest_route=\/wp\/v2\/pages"}],"about":[{"href":"https:\/\/coreaga-conseil.fr\/index.php?rest_route=\/wp\/v2\/types\/page"}],"author":[{"embeddable":true,"href":"https:\/\/coreaga-conseil.fr\/index.php?rest_route=\/wp\/v2\/users\/1"}],"replies":[{"embeddable":true,"href":"https:\/\/coreaga-conseil.fr\/index.php?rest_route=%2Fwp%2Fv2%2Fcomments&post=366"}],"version-history":[{"count":70,"href":"https:\/\/coreaga-conseil.fr\/index.php?rest_route=\/wp\/v2\/pages\/366\/revisions"}],"predecessor-version":[{"id":3325,"href":"https:\/\/coreaga-conseil.fr\/index.php?rest_route=\/wp\/v2\/pages\/366\/revisions\/3325"}],"wp:attachment":[{"href":"https:\/\/coreaga-conseil.fr\/index.php?rest_route=%2Fwp%2Fv2%2Fmedia&parent=366"}],"curies":[{"name":"wp","href":"https:\/\/api.w.org\/{rel}","templated":true}]}}