{"id":29,"date":"2017-09-18T19:00:50","date_gmt":"2017-09-18T17:00:50","guid":{"rendered":"http:\/\/coreaga-conseil.fr\/?page_id=29"},"modified":"2018-09-27T17:56:38","modified_gmt":"2018-09-27T15:56:38","slug":"une-section-de-page-daccueil","status":"publish","type":"page","link":"https:\/\/coreaga-conseil.fr\/?page_id=29","title":{"rendered":"Qui sommes-nous ?"},"content":{"rendered":"<p>Fond\u00e9 par Anne-Monique Sell\u00e8s en 2006, COREAGA CONSEIL est un cabinet sp\u00e9cialis\u00e9 dans le d\u00e9veloppement du potentiel des professionnels, leaders, consultants et coachs en charge de l\u2019accompagnement de l\u2019\u00e9volution des personnes et des \u00e9quipes, pour plus d\u2019humanit\u00e9, d\u2019estime de soi et de performance p\u00e9renne dans les entreprises.<\/p>\n<p>Cor\u00e9aga est un nom qui lie Cor\u00e9 (ou Kor\u00e9), mot qui d\u00e9signe en grec la jeune femme, et le mot turc Aga qui d\u00e9signe le leader au masculin. Lier ce qui en apparence est oppos\u00e9, faciliter le dialogue entre les diff\u00e9rentes parties, et fondamentalement croire au potentiel des \u00eatres humains pour d\u00e9passer les limites, voici ce qui nous anime.<\/p>\n<p>Pragmatisme, Humanisme, Alt\u00e9rit\u00e9, Authenticit\u00e9 et Responsabilit\u00e9 sont les mots-cl\u00e9s pr\u00e9sents dans chacune de nos interventions, qu\u2019elles soient individuelles ou collectives.<\/p>\n<hr \/>\n<h3>Nous aimons<\/h3>\n<p><img loading=\"lazy\" class=\"wp-image-157 alignleft\" src=\"http:\/\/coreaga-conseil.fr\/wp-content\/uploads\/2017\/09\/joie-facing.png\" alt=\"\" width=\"224\" height=\"316\" srcset=\"https:\/\/coreaga-conseil.fr\/wp-content\/uploads\/2017\/09\/joie-facing.png 888w, https:\/\/coreaga-conseil.fr\/wp-content\/uploads\/2017\/09\/joie-facing-213x300.png 213w, https:\/\/coreaga-conseil.fr\/wp-content\/uploads\/2017\/09\/joie-facing-768x1081.png 768w, https:\/\/coreaga-conseil.fr\/wp-content\/uploads\/2017\/09\/joie-facing-727x1024.png 727w\" sizes=\"(max-width: 224px) 100vw, 224px\" \/>Le livre JOIE L\u2019\u00e9panouissement de la Conscience de Soi de Will Schutz,<br \/>\nEditions du Bois d\u2019Orion.<br \/>\nUn livre t\u00e9moignage des travaux de Will Schutz \u00e0 destination des professionnels de l\u2019accompagnement des groupes.<\/p>\n<p>&nbsp;<\/p>\n<p>&nbsp;<\/p>\n<p>&nbsp;<\/p>\n<p>&nbsp;<\/p>\n<p>&nbsp;<\/p>\n<hr \/>\n<p>Quelques r\u00e9f\u00e9rences<\/p>\n<h4><em> Accor, CGI, Core Code International, Delassus Maroc, EDF, Groupe EVEN, K\u00e9olis, KPF\u2013PASTAD, La Poste, L\u2019Or\u00e9al, Minist\u00e8re des Finances, My Little Paris, Naturex, Right Management, Sciences Po-FNSP, Soci\u00e9t\u00e9 G\u00e9n\u00e9rale, Solina Group, Swedbank AB, Universit\u00e9 Bordeaux, Thal\u00e8s, Wafasalaf Maroc<\/em><\/h4>\n","protected":false},"excerpt":{"rendered":"<p>Fond\u00e9 par Anne-Monique Sell\u00e8s en 2006, COREAGA CONSEIL est un cabinet sp\u00e9cialis\u00e9 dans le d\u00e9veloppement du potentiel des professionnels, leaders, consultants et coachs en charge de l\u2019accompagnement de l\u2019\u00e9volution des personnes et des \u00e9quipes, pour plus d\u2019humanit\u00e9, d\u2019estime de soi <a class=\"more-link\" href=\"https:\/\/coreaga-conseil.fr\/?page_id=29\">Lire plus\u00a0\u2026<\/a><\/p>\n","protected":false},"author":1,"featured_media":0,"parent":0,"menu_order":0,"comment_status":"closed","ping_status":"closed","template":"","meta":[],"_links":{"self":[{"href":"https:\/\/coreaga-conseil.fr\/index.php?rest_route=\/wp\/v2\/pages\/29"}],"collection":[{"href":"https:\/\/coreaga-conseil.fr\/index.php?rest_route=\/wp\/v2\/pages"}],"about":[{"href":"https:\/\/coreaga-conseil.fr\/index.php?rest_route=\/wp\/v2\/types\/page"}],"author":[{"embeddable":true,"href":"https:\/\/coreaga-conseil.fr\/index.php?rest_route=\/wp\/v2\/users\/1"}],"replies":[{"embeddable":true,"href":"https:\/\/coreaga-conseil.fr\/index.php?rest_route=%2Fwp%2Fv2%2Fcomments&post=29"}],"version-history":[{"count":12,"href":"https:\/\/coreaga-conseil.fr\/index.php?rest_route=\/wp\/v2\/pages\/29\/revisions"}],"predecessor-version":[{"id":238,"href":"https:\/\/coreaga-conseil.fr\/index.php?rest_route=\/wp\/v2\/pages\/29\/revisions\/238"}],"wp:attachment":[{"href":"https:\/\/coreaga-conseil.fr\/index.php?rest_route=%2Fwp%2Fv2%2Fmedia&parent=29"}],"curies":[{"name":"wp","href":"https:\/\/api.w.org\/{rel}","templated":true}]}}