{"id":221,"date":"2017-12-23T17:33:56","date_gmt":"2017-12-23T16:33:56","guid":{"rendered":"http:\/\/coreaga-conseil.fr\/?page_id=221"},"modified":"2021-11-30T14:23:07","modified_gmt":"2021-11-30T13:23:07","slug":"mentions-legales","status":"publish","type":"page","link":"https:\/\/coreaga-conseil.fr\/?page_id=221","title":{"rendered":"Mentions l\u00e9gales"},"content":{"rendered":"<p>Le site est la propri\u00e9t\u00e9 exclusive de Anne-Monique Sell\u00e8s pour COREAGA CONSEIL.<\/p>\n<p>COREAGA CONSEIL \u2013 Si\u00e8ge social : 75 boulevard Haussmann 75008 PARIS<br \/>Direction : Anne-Monique SELLES<br \/>SIRET 492 267 653 00011 \u2013 APE 8559A \u2013 N\u00b0 FORMATEUR 11 7541396 75<\/p>\n<p>Directeur de la publication, r\u00e9dacteur : Anne-Monique SELLES<\/p>\n<p>Concepteur : Anne MASSON-BUSSO<\/p>\n<p>H\u00e9bergeur : OVH \u2013 100 quai du Sartel \u2013 59100 ROUBAIX \u2013 France.<\/p>\n<p>Droit d\u2019auteur et propri\u00e9t\u00e9 intellectuelle<\/p>\n<p>Ce site internet rel\u00e8ve de la l\u00e9gislation fran\u00e7aise sur le droit d\u2019auteur et la propri\u00e9t\u00e9 intellectuelle, et notamment des dispositions relatives \u00e0 la protection juridique des bases de donn\u00e9es, du droit de la propri\u00e9t\u00e9 litt\u00e9raire et artistique et du droit des marques. Tous les droits de reproduction sont r\u00e9serv\u00e9s, y compris pour les documents t\u00e9l\u00e9chargeables et les repr\u00e9sentations iconographiques et photographiques. Toute violation des droits pr\u00e9cit\u00e9s exposerait un \u00e9ventuel contrevenant \u00e0 des poursuites p\u00e9nales (article L. 335-1 et suivants du Code de la Propri\u00e9t\u00e9 Intellectuelle).<\/p>\n<p>Droit d\u2019acc\u00e8s aux informations personnelles<\/p>\n<p>COREAGA CONSEIL s\u2019interdit de conserver des informations personnelles concernant ses clients ou prospects \u00e0 l\u2019insu des soci\u00e9t\u00e9s ou personnes concern\u00e9es. Conform\u00e9ment \u00e0 l\u2019article 34 de la loi Informatiques et Libert\u00e9s du 6\/01\/1978, vous disposez d\u2019un droit d\u2019acc\u00e8s, de modification, de rectification et de suppression des donn\u00e9es vous concernant. Pour exercer ce droit, \u00e9crivez-nous \u00e0 email ou \u00e0 l\u2019adresse postale de la soci\u00e9t\u00e9, mentionn\u00e9e ci-dessus. Seule notre soci\u00e9t\u00e9 est destinataire des informations que vous nous fournissez.<\/p>\n\n\n<p>Vous pouvez consulter ici nos <a href=\"http:\/\/coreaga-conseil.fr\/wp-content\/uploads\/2021\/11\/Condition-Generale-de-Vente-Coreaga-Conseil.pdf\"><strong>Conditions G\u00e9n\u00e9rales de Vente<\/strong><\/a>\u00a0<\/p>\n","protected":false},"excerpt":{"rendered":"<p>Le site est la propri\u00e9t\u00e9 exclusive de Anne-Monique Sell\u00e8s pour COREAGA CONSEIL. COREAGA CONSEIL \u2013 Si\u00e8ge social : 75 boulevard Haussmann 75008 PARISDirection : Anne-Monique SELLESSIRET 492 267 653 00011 \u2013 APE 8559A \u2013 N\u00b0 FORMATEUR 11 7541396 75 Directeur <a class=\"more-link\" href=\"https:\/\/coreaga-conseil.fr\/?page_id=221\">Lire plus\u00a0\u2026<\/a><\/p>\n","protected":false},"author":1,"featured_media":0,"parent":0,"menu_order":0,"comment_status":"closed","ping_status":"closed","template":"","meta":[],"_links":{"self":[{"href":"https:\/\/coreaga-conseil.fr\/index.php?rest_route=\/wp\/v2\/pages\/221"}],"collection":[{"href":"https:\/\/coreaga-conseil.fr\/index.php?rest_route=\/wp\/v2\/pages"}],"about":[{"href":"https:\/\/coreaga-conseil.fr\/index.php?rest_route=\/wp\/v2\/types\/page"}],"author":[{"embeddable":true,"href":"https:\/\/coreaga-conseil.fr\/index.php?rest_route=\/wp\/v2\/users\/1"}],"replies":[{"embeddable":true,"href":"https:\/\/coreaga-conseil.fr\/index.php?rest_route=%2Fwp%2Fv2%2Fcomments&post=221"}],"version-history":[{"count":6,"href":"https:\/\/coreaga-conseil.fr\/index.php?rest_route=\/wp\/v2\/pages\/221\/revisions"}],"predecessor-version":[{"id":3005,"href":"https:\/\/coreaga-conseil.fr\/index.php?rest_route=\/wp\/v2\/pages\/221\/revisions\/3005"}],"wp:attachment":[{"href":"https:\/\/coreaga-conseil.fr\/index.php?rest_route=%2Fwp%2Fv2%2Fmedia&parent=221"}],"curies":[{"name":"wp","href":"https:\/\/api.w.org\/{rel}","templated":true}]}}