{"id":162,"date":"2017-12-15T14:06:56","date_gmt":"2017-12-15T13:06:56","guid":{"rendered":"http:\/\/coreaga-conseil.fr\/?page_id=162"},"modified":"2026-04-08T17:32:35","modified_gmt":"2026-04-08T15:32:35","slug":"documents-a-telecharger","status":"publish","type":"page","link":"https:\/\/coreaga-conseil.fr\/?page_id=162","title":{"rendered":"Documents \u00e0 t\u00e9l\u00e9charger"},"content":{"rendered":"<p><img loading=\"lazy\" class=\"wp-image-160 size-thumbnail aligncenter\" src=\"http:\/\/coreaga-conseil.fr\/wp-content\/uploads\/2017\/09\/icon_printer-150x150.png\" alt=\"\" width=\"150\" height=\"150\" srcset=\"https:\/\/coreaga-conseil.fr\/wp-content\/uploads\/2017\/09\/icon_printer-150x150.png 150w, https:\/\/coreaga-conseil.fr\/wp-content\/uploads\/2017\/09\/icon_printer-300x300.png 300w, https:\/\/coreaga-conseil.fr\/wp-content\/uploads\/2017\/09\/icon_printer.png 512w\" sizes=\"(max-width: 150px) 100vw, 150px\" \/><\/p>\n<p><span style=\"color: #999999;\"><em>Ces documents sont au format PDF. Ils vont s&#8217;ouvrir dans une nouvelle page de votre navigateur et, \u00e0 l&#8217;aide des boutons en haut \u00e0 droite, vous pourrez directement sauvegarder ces documents sur votre ordinateur ou les imprimer.<\/em><\/span><\/p>\n<p>\u00a0<\/p>\n<h3><span style=\"color: #339966;\"><strong>Formation<\/strong> <strong>El\u00e9ment Humain\u00ae &#8220;Accompagner \u00e9quipes et organisations dans les transformations culturelles, num\u00e9riques et \u00e9conomiques&#8221; &#8211; Niveau 1<\/strong><\/span><\/h3>\n<p><span style=\"color: #008000;\"><a style=\"color: #008000;\" href=\"http:\/\/coreaga-conseil.fr\/wp-content\/uploads\/2026\/04\/Programme-de\u0301taille\u0301-EH-Niveau-1.pdf\"><strong>Programme d\u00e9taill\u00e9 Formation El\u00e9ment Humain\u00ae &#8220;Accompagner \u00e9quipes et organisations dans les transformations culturelles, num\u00e9riques et \u00e9conomiques&#8221;<\/strong><strong> &#8211; Niveau 1<\/strong><\/a><\/span><\/p>\n<p><a href=\"http:\/\/coreaga-conseil.fr\/wp-content\/uploads\/2025\/06\/Bulletin-dinscription-EH1-de\u0301cembre25_janvier-26.pdf\"><span style=\"text-decoration: underline; color: #339966;\"><strong>Bulletin d&#8217;inscription Formation El\u00e9ment Humain\u00ae &#8220;Accompagner \u00e9quipes et organisations dans les transformations culturelles, num\u00e9riques et \u00e9conomiques&#8221; &#8211; Niveau 1<\/strong><\/span><\/a><\/p>\n<h3>\u00a0<\/h3>\n<h3><span style=\"color: #339966;\"><strong>Formation<\/strong> <strong>El\u00e9ment Humain\u00ae &#8220;Accompagner \u00e9quipes et organisations dans les transformations culturelles, num\u00e9riques et \u00e9conomiques&#8221; &#8211; Niveau 2 Praticien<\/strong><\/span><\/h3>\n<p><a href=\"http:\/\/coreaga-conseil.fr\/wp-content\/uploads\/2026\/04\/PROGRAMME-DETAILLE-ELEMENT-HUMAIN-NIVEAU-2-PRATICIEN-2026.pdf\"><span style=\"text-decoration: underline;\"><span style=\"color: #339966;\"><strong>Programme d\u00e9taill\u00e9 El\u00e9ment Humain\u00ae &#8220;Accompagner \u00e9quipes et organisations dans les transformations culturelles, num\u00e9riques et \u00e9conomiques&#8221; &#8211; Niveau 2 Praticien<\/strong><\/span><\/span><\/a><\/p>\n<p><a href=\"http:\/\/coreaga-conseil.fr\/wp-content\/uploads\/2025\/06\/BULLETIN-dinscription-LEle\u0301ment-Humain-Niveau-2-Praticien-2025.pdf\"><span style=\"text-decoration: underline;\"><span style=\"color: #339966;\"><strong>Bulletin d&#8217;inscription <\/strong><strong>El\u00e9ment Humain\u00ae &#8220;Accompagner \u00e9quipes et organisations dans les transformations culturelles, num\u00e9riques et \u00e9conomiques&#8221; &#8211; Niveau 2 Praticien<\/strong><\/span><\/span><\/a><\/p>\n<h3>\u00a0<\/h3>\n<h3><span style=\"color: #993366;\"><strong>Formation<\/strong> &#8220;<strong>S\u00e9curiser le Parcours Professionnel &#8211; ICS<\/strong><\/span><span style=\"color: #993366;\"><strong>&#8221; &#8211; Niveau 1<\/strong><\/span><\/h3>\n<p><a href=\"http:\/\/coreaga-conseil.fr\/wp-content\/uploads\/2026\/04\/PROGRAMME-DETAILLE-ICS-JEUNES-ADULTES-DU-21-AU-23-AVRIL-2026.pdf\"><span style=\"text-decoration: underline;\"><span style=\"color: #993366;\"><strong><span style=\"color: #993366; text-decoration: underline;\">Programme d\u00e9taill\u00e9 <\/span><\/strong><strong>&#8220;S\u00e9curiser son parcours professionnel &#8211; ICS&#8221; &#8211; Niveau 1 \/\/ Pour jeunes adultes<\/strong><\/span><\/span><\/a><\/p>\n<p><a href=\"http:\/\/coreaga-conseil.fr\/wp-content\/uploads\/2026\/04\/PROGRAMME-DETAILLE-ICS-RESIDENTIEL-DU-6-au-10-juillet-2026.pdf\"><span style=\"text-decoration: underline;\"><span style=\"color: #993366;\"><strong><span style=\"color: #993366; text-decoration: underline;\">Programme d\u00e9taill\u00e9 <\/span><\/strong><strong>&#8220;S\u00e9curiser son parcours professionnel &#8211; ICS&#8221; &#8211; Niveau 1 \/\/ Intensif en r\u00e9sidentiel<\/strong><\/span><\/span><\/a><\/p>\n<h3>\u00a0<\/h3>\n<h3><span style=\"color: #993366;\"><strong>Formation &#8220;Accompagner la s\u00e9curisation des parcours professionnels &#8211; ICS&#8221; &#8211; Niveau 2 Praticien<\/strong><\/span><\/h3>\n<p><em><span style=\"color: #333333;\"><span style=\"color: #993366;\"><b>*Dates \u00e0 venir, nous contacter*<\/b><\/span><\/span><\/em><\/p>\n<h3>\u00a0<\/h3>\n<h3><span style=\"color: #ff0000;\">Pour toutes nos formations<\/span><\/h3>\n<p><a href=\"http:\/\/coreaga-conseil.fr\/wp-content\/uploads\/2024\/03\/certificate_206_OF_Ind_1_RN.pdf\"><span style=\"color: #ff0000;\">Organisme de formation certifi\u00e9 Qualiopi pour ses actions de formation sous le num\u00e9ro 206 OF Ind 1 pour la p\u00e9riode du 24\/03\/2024 au 23\/03\/2027<\/span><\/a><\/p>\n<p><span style=\"text-decoration: underline;\"><span style=\"color: #ff0000;\"><strong><a style=\"color: #ff0000; text-decoration: underline;\" href=\"http:\/\/coreaga-conseil.fr\/wp-content\/uploads\/2021\/03\/R\u00e8glement-int\u00e9rieur-1.pdf\" target=\"_blank\" rel=\"noopener noreferrer\">R\u00e8glement int\u00e9rieur COREAGA CONSEIL<\/a><\/strong><\/span><\/span><\/p>\n\n\n<p><\/p>\n","protected":false},"excerpt":{"rendered":"<p>Ces documents sont au format PDF. Ils vont s&#8217;ouvrir dans une nouvelle page de votre navigateur et, \u00e0 l&#8217;aide des boutons en haut \u00e0 droite, vous pourrez directement sauvegarder ces documents sur votre ordinateur ou les imprimer. \u00a0 Formation El\u00e9ment <a class=\"more-link\" href=\"https:\/\/coreaga-conseil.fr\/?page_id=162\">Lire plus\u00a0\u2026<\/a><\/p>\n","protected":false},"author":1,"featured_media":0,"parent":0,"menu_order":0,"comment_status":"closed","ping_status":"closed","template":"","meta":[],"_links":{"self":[{"href":"https:\/\/coreaga-conseil.fr\/index.php?rest_route=\/wp\/v2\/pages\/162"}],"collection":[{"href":"https:\/\/coreaga-conseil.fr\/index.php?rest_route=\/wp\/v2\/pages"}],"about":[{"href":"https:\/\/coreaga-conseil.fr\/index.php?rest_route=\/wp\/v2\/types\/page"}],"author":[{"embeddable":true,"href":"https:\/\/coreaga-conseil.fr\/index.php?rest_route=\/wp\/v2\/users\/1"}],"replies":[{"embeddable":true,"href":"https:\/\/coreaga-conseil.fr\/index.php?rest_route=%2Fwp%2Fv2%2Fcomments&post=162"}],"version-history":[{"count":146,"href":"https:\/\/coreaga-conseil.fr\/index.php?rest_route=\/wp\/v2\/pages\/162\/revisions"}],"predecessor-version":[{"id":3317,"href":"https:\/\/coreaga-conseil.fr\/index.php?rest_route=\/wp\/v2\/pages\/162\/revisions\/3317"}],"wp:attachment":[{"href":"https:\/\/coreaga-conseil.fr\/index.php?rest_route=%2Fwp%2Fv2%2Fmedia&parent=162"}],"curies":[{"name":"wp","href":"https:\/\/api.w.org\/{rel}","templated":true}]}}